{"id":15,"date":"2013-05-07T14:09:01","date_gmt":"2013-05-07T11:09:01","guid":{"rendered":"http:\/\/www.esa-mat.fi.n-serv.kotisivut.com\/?page_id=15"},"modified":"2013-08-22T21:22:49","modified_gmt":"2013-08-22T18:22:49","slug":"yritys","status":"publish","type":"page","link":"https:\/\/www.esa-mat.fi\/?page_id=15","title":{"rendered":"Yritys"},"content":{"rendered":"<p><a title=\"Historia\" href=\"http:\/\/www.esa-mat.fi.n-serv.kotisivut.com\/?page_id=18\">Historia<\/a><\/p>\n<p>Yritys on perustettu vuonna 1987.Vuodesta 2006 Esa-Mat oy on toiminut rakennusalalla p\u00e4\u00e4toimialana asuinrakennusten rakentaminen.Yrityksen omistaja vaihtui vuonna 2012 jolloin toimintaan otettiin mukaan maalaus- ja entis\u00f6intity\u00f6t.Omistajavaihdoksen j\u00e4lkeen yritys jatkoi toimintaa vanhoilla ty\u00f6ntekij\u00f6ill\u00e4.<\/p>\n<p>&nbsp;<\/p>\n<p><a title=\"Yhteystiedot\" href=\"http:\/\/www.esa-mat.fi.n-serv.kotisivut.com\/?page_id=20\">Yhteystiedot <\/a><\/p>\n<p>Esa-Mat oy<\/p>\n<p>Savolantie 6<\/p>\n<p>44280 Sumiainen<\/p>\n<p>Puh. 050 4687967<\/p>\n","protected":false},"excerpt":{"rendered":"<p>Historia Yritys on perustettu vuonna 1987.Vuodesta 2006 Esa-Mat oy on toiminut rakennusalalla p\u00e4\u00e4toimialana asuinrakennusten rakentaminen.Yrityksen omistaja vaihtui vuonna 2012 jolloin toimintaan otettiin mukaan maalaus- ja entis\u00f6intity\u00f6t.Omistajavaihdoksen j\u00e4lkeen yritys jatkoi toimintaa vanhoilla ty\u00f6ntekij\u00f6ill\u00e4. &nbsp; Yhteystiedot Esa-Mat oy Savolantie 6 44280 Sumiainen Puh. 050 4687967<\/p>\n","protected":false},"author":1,"featured_media":0,"parent":0,"menu_order":4,"comment_status":"closed","ping_status":"open","template":"","meta":{"footnotes":""},"class_list":["post-15","page","type-page","status-publish","hentry"],"_links":{"self":[{"href":"https:\/\/www.esa-mat.fi\/index.php?rest_route=\/wp\/v2\/pages\/15","targetHints":{"allow":["GET"]}}],"collection":[{"href":"https:\/\/www.esa-mat.fi\/index.php?rest_route=\/wp\/v2\/pages"}],"about":[{"href":"https:\/\/www.esa-mat.fi\/index.php?rest_route=\/wp\/v2\/types\/page"}],"author":[{"embeddable":true,"href":"https:\/\/www.esa-mat.fi\/index.php?rest_route=\/wp\/v2\/users\/1"}],"replies":[{"embeddable":true,"href":"https:\/\/www.esa-mat.fi\/index.php?rest_route=%2Fwp%2Fv2%2Fcomments&post=15"}],"version-history":[{"count":11,"href":"https:\/\/www.esa-mat.fi\/index.php?rest_route=\/wp\/v2\/pages\/15\/revisions"}],"predecessor-version":[{"id":348,"href":"https:\/\/www.esa-mat.fi\/index.php?rest_route=\/wp\/v2\/pages\/15\/revisions\/348"}],"wp:attachment":[{"href":"https:\/\/www.esa-mat.fi\/index.php?rest_route=%2Fwp%2Fv2%2Fmedia&parent=15"}],"curies":[{"name":"wp","href":"https:\/\/api.w.org\/{rel}","templated":true}]}}